{"id":10,"date":"2017-06-08T15:08:40","date_gmt":"2017-06-08T15:08:40","guid":{"rendered":"http:\/\/laujaustudio.com?page_id=10"},"modified":"2022-09-08T14:04:21","modified_gmt":"2022-09-08T19:04:21","slug":"quien-es-laura-jauregui","status":"publish","type":"page","link":"https:\/\/laujaustudio.com\/es\/quien-es-laura-jauregui\/","title":{"rendered":"\u00bfQui\u00e9n es Laura J\u00e1uregui?"},"content":{"rendered":"<div data-elementor-type=\"wp-page\" data-elementor-id=\"10\" class=\"elementor elementor-10\" data-elementor-post-type=\"page\">\n\t\t\t\t\t\t<section class=\"elementor-section elementor-top-section elementor-element elementor-element-502580a elementor-section-full_width elementor-section-height-default elementor-section-height-default\" data-id=\"502580a\" data-element_type=\"section\" data-e-type=\"section\" data-settings=\"{&quot;background_background&quot;:&quot;classic&quot;}\">\n\t\t\t\t\t\t<div class=\"elementor-container elementor-column-gap-default\">\n\t\t\t\t\t<div class=\"elementor-column elementor-col-100 elementor-top-column elementor-element elementor-element-241b094\" data-id=\"241b094\" data-element_type=\"column\" data-e-type=\"column\">\n\t\t\t<div class=\"elementor-widget-wrap elementor-element-populated\">\n\t\t\t\t\t\t<div class=\"elementor-element elementor-element-7396655 elementor-widget elementor-widget-heading\" data-id=\"7396655\" data-element_type=\"widget\" data-e-type=\"widget\" data-widget_type=\"heading.default\">\n\t\t\t\t<div class=\"elementor-widget-container\">\n\t\t\t\t\t<h2 class=\"elementor-heading-title elementor-size-default\">\u00bfQui\u00e9n es Laura J\u00e1uregui?\n<\/h2>\t\t\t\t<\/div>\n\t\t\t\t<\/div>\n\t\t\t\t<div class=\"elementor-element elementor-element-6f3d358 elementor-widget elementor-widget-image\" data-id=\"6f3d358\" data-element_type=\"widget\" data-e-type=\"widget\" data-widget_type=\"image.default\">\n\t\t\t\t<div class=\"elementor-widget-container\">\n\t\t\t\t\t\t\t\t\t\t\t\t\t\t\t<img fetchpriority=\"high\" decoding=\"async\" width=\"1024\" height=\"718\" src=\"https:\/\/laujaustudio.com\/wp-content\/uploads\/Laura-Jauregui-1024x718.png\" class=\"attachment-large size-large wp-image-4282\" alt=\"\" srcset=\"https:\/\/laujaustudio.com\/wp-content\/uploads\/Laura-Jauregui-1024x718.png 1024w, https:\/\/laujaustudio.com\/wp-content\/uploads\/Laura-Jauregui-300x210.png 300w, https:\/\/laujaustudio.com\/wp-content\/uploads\/Laura-Jauregui-768x539.png 768w, https:\/\/laujaustudio.com\/wp-content\/uploads\/Laura-Jauregui-1536x1077.png 1536w, https:\/\/laujaustudio.com\/wp-content\/uploads\/Laura-Jauregui-18x12.png 18w, https:\/\/laujaustudio.com\/wp-content\/uploads\/Laura-Jauregui.png 1956w\" sizes=\"(max-width: 1024px) 100vw, 1024px\" \/>\t\t\t\t\t\t\t\t\t\t\t\t\t\t\t<\/div>\n\t\t\t\t<\/div>\n\t\t\t\t<div class=\"elementor-element elementor-element-f9425b7 elementor-widget elementor-widget-text-editor\" data-id=\"f9425b7\" data-element_type=\"widget\" data-e-type=\"widget\" data-widget_type=\"text-editor.default\">\n\t\t\t\t<div class=\"elementor-widget-container\">\n\t\t\t\t\t\t\t\t\t<pstyle=\"color: #ffffff;\"><strong>Laura J\u00e1uregui<\/strong> es conocida por su pasi\u00f3n, creatividad y originalidad en sus creaciones de baile. Ha estado coreografiando desde los 17 a\u00f1os para diferentes foros y concursos de baile en la Ciudad de M\u00e9xico.<\/p>\n\n<p style=\"color: #ffffff;\"><strong>J\u00e1uregui<\/strong> ha entrenado a 2.600 ni\u00f1os y ni\u00f1as de 7 a 21 a\u00f1os en diferentes t\u00e9cnicas como Jazz, Show Dance, Music Theater y Street Style. Ella ha sido un pilar fundamental durante las competiciones nacionales y ha tra\u00eddo core\u00f3grafos de talla internacional a la comunidad de danza mexicana.<\/p>\n\n<pstyle=\"color: #ffffff;\">Ella es la fundadora, presidenta y CEO de <a class=\"link_equipo\" style=\"color: #ffffff;\" href=\"http:\/\/dancefestmx.com\/\" target=\"_blank\" rel=\"noopener noreferrer\"><strong>DANCE FEST MX<\/strong><\/a>. Creado en 2015 como el primer festival de bailarinas en la Ciudad de M\u00e9xico que re\u00fane diferentes escuelas y disciplinas de baile a un foro que promueve el arte de la danza en una etapa no competitiva. Todos los beneficios del evento se donan a la <strong> FUNDACI\u00d3N MAKE-A-WISH<\/strong>.<\/p>\n\n<p style=\"color: #ffffff;\">Laura es bien conocida no s\u00f3lo como gran maestra, sino por ser un fuerte impacto positivo en los estudiantes que contin\u00faan entrenando en su estudio. Su energ\u00eda durante la clase es contagiosa y su personalidad aporta una atm\u00f3sfera \u00fanica y vital a la clase como ninguna otra.<\/p>\n\n<p style=\"color: #ffffff;\">J\u00e1uregui sigue inspirando a las generaciones j\u00f3venes, as\u00ed como a sus familias a trav\u00e9s del maravilloso arte de la danza. Siempre lidera el ejemplo y refleja la pasi\u00f3n, el trabajo duro y la determinaci\u00f3n. Laura J\u00e1uregui se ha convertido en la definici\u00f3n de un joven \u00e9xito apasionado.<\/p>\n\n&nbsp;\n<ul>\n \t<li><strong>1999<\/strong> Licenciatura en Jazz Moderno de la Sociedad Imperial de Profesores de Danza \u2013 ISTD.<\/li>\n \t<li><strong>2005- 2006<\/strong> V HOST en Exa TV para MVS Televisi\u00f3n Ciudad de M\u00e9xico.<\/li>\n \t<li><strong>2006<\/strong> Licenciada en Comunicaci\u00f3n por la Universidad Iberoamericana de M\u00e9xico.<\/li>\n \t<li><strong>2006 Lau Jau Studio \u00ae<\/strong> fue un estudio de danza formal.<\/li>\n \t<li><strong>2009<\/strong> Intensivo de Verano en Broadway Dance Center NYC.<\/li>\n \t<li><strong>2015-2019<\/strong> Primer estudio mexicano en llevar m\u00e1s de 30 estudiantes al BDC NYC.<\/li>\n \t<li><strong>2015<\/strong> Fundadora, Presidente y CEO de DANCE FEST MX \u00ae<\/li>\n \t<li><strong>2021<\/strong> Curso Progressive Ballet Technique por Coni Belgareto.<\/li>\n \t<li><strong>2022<\/strong> Direcci\u00f3n coreogr\u00e1fica para cine por Mark Alazraki, productora Perro Azul, para Netflix.<\/li>\n<\/ul>\t\t\t\t\t\t\t\t<\/div>\n\t\t\t\t<\/div>\n\t\t\t\t\t<\/div>\n\t\t<\/div>\n\t\t\t\t\t<\/div>\n\t\t<\/section>\n\t\t\t\t<\/div>","protected":false},"excerpt":{"rendered":"<p>\u00bfQui\u00e9n es Laura J\u00e1uregui? Laura J\u00e1uregui es conocida por su pasi\u00f3n, creatividad y originalidad en sus creaciones de baile. Ha estado coreografiando desde los 17 a\u00f1os para diferentes foros y concursos de baile en la Ciudad de M\u00e9xico. J\u00e1uregui ha entrenado a 2.600 ni\u00f1os y ni\u00f1as de 7 a 21 a\u00f1os en diferentes t\u00e9cnicas como [&hellip;]<\/p>\n","protected":false},"author":4,"featured_media":0,"parent":0,"menu_order":0,"comment_status":"closed","ping_status":"closed","template":"elementor_header_footer","meta":{"footnotes":""},"class_list":["post-10","page","type-page","status-publish","hentry"],"_links":{"self":[{"href":"https:\/\/laujaustudio.com\/es\/wp-json\/wp\/v2\/pages\/10","targetHints":{"allow":["GET"]}}],"collection":[{"href":"https:\/\/laujaustudio.com\/es\/wp-json\/wp\/v2\/pages"}],"about":[{"href":"https:\/\/laujaustudio.com\/es\/wp-json\/wp\/v2\/types\/page"}],"author":[{"embeddable":true,"href":"https:\/\/laujaustudio.com\/es\/wp-json\/wp\/v2\/users\/4"}],"replies":[{"embeddable":true,"href":"https:\/\/laujaustudio.com\/es\/wp-json\/wp\/v2\/comments?post=10"}],"version-history":[{"count":5,"href":"https:\/\/laujaustudio.com\/es\/wp-json\/wp\/v2\/pages\/10\/revisions"}],"predecessor-version":[{"id":4904,"href":"https:\/\/laujaustudio.com\/es\/wp-json\/wp\/v2\/pages\/10\/revisions\/4904"}],"wp:attachment":[{"href":"https:\/\/laujaustudio.com\/es\/wp-json\/wp\/v2\/media?parent=10"}],"curies":[{"name":"wp","href":"https:\/\/api.w.org\/{rel}","templated":true}]}}