{"id":1094,"date":"2019-03-27T17:43:12","date_gmt":"2019-03-27T17:43:12","guid":{"rendered":"http:\/\/laujaustudio.com\/?page_id=1094"},"modified":"2022-03-11T10:46:27","modified_gmt":"2022-03-11T16:46:27","slug":"quienes-somos","status":"publish","type":"page","link":"https:\/\/laujaustudio.com\/es\/quienes-somos\/","title":{"rendered":"\u00bfQui\u00e9nes somos?"},"content":{"rendered":"<div data-elementor-type=\"wp-page\" data-elementor-id=\"1094\" class=\"elementor elementor-1094\" data-elementor-post-type=\"page\">\n\t\t\t\t\t\t<section class=\"elementor-section elementor-top-section elementor-element elementor-element-9b33f3a elementor-section-full_width elementor-section-height-default elementor-section-height-default\" data-id=\"9b33f3a\" data-element_type=\"section\" data-e-type=\"section\" data-settings=\"{&quot;background_background&quot;:&quot;classic&quot;}\">\n\t\t\t\t\t\t<div class=\"elementor-container elementor-column-gap-default\">\n\t\t\t\t\t<div class=\"elementor-column elementor-col-100 elementor-top-column elementor-element elementor-element-300a01f\" data-id=\"300a01f\" data-element_type=\"column\" data-e-type=\"column\">\n\t\t\t<div class=\"elementor-widget-wrap elementor-element-populated\">\n\t\t\t\t\t\t<div class=\"elementor-element elementor-element-9c08841 elementor-widget elementor-widget-image\" data-id=\"9c08841\" data-element_type=\"widget\" data-e-type=\"widget\" data-widget_type=\"image.default\">\n\t\t\t\t<div class=\"elementor-widget-container\">\n\t\t\t\t\t\t\t\t\t\t\t\t\t\t\t<img fetchpriority=\"high\" decoding=\"async\" width=\"632\" height=\"342\" src=\"https:\/\/laujaustudio.com\/wp-content\/uploads\/historia-Laura-Jauregui.jpg\" class=\"attachment-large size-large wp-image-1099\" alt=\"\" srcset=\"https:\/\/laujaustudio.com\/wp-content\/uploads\/historia-Laura-Jauregui.jpg 632w, https:\/\/laujaustudio.com\/wp-content\/uploads\/historia-Laura-Jauregui-300x162.jpg 300w\" sizes=\"(max-width: 632px) 100vw, 632px\" \/>\t\t\t\t\t\t\t\t\t\t\t\t\t\t\t<\/div>\n\t\t\t\t<\/div>\n\t\t\t\t<section class=\"elementor-section elementor-inner-section elementor-element elementor-element-7992706 elementor-section-boxed elementor-section-height-default elementor-section-height-default\" data-id=\"7992706\" data-element_type=\"section\" data-e-type=\"section\">\n\t\t\t\t\t\t<div class=\"elementor-container elementor-column-gap-default\">\n\t\t\t\t\t<div class=\"elementor-column elementor-col-100 elementor-inner-column elementor-element elementor-element-03ff21e\" data-id=\"03ff21e\" data-element_type=\"column\" data-e-type=\"column\">\n\t\t\t<div class=\"elementor-widget-wrap elementor-element-populated\">\n\t\t\t\t\t\t<div class=\"elementor-element elementor-element-4e20ea9 elementor-widget elementor-widget-heading\" data-id=\"4e20ea9\" data-element_type=\"widget\" data-e-type=\"widget\" data-widget_type=\"heading.default\">\n\t\t\t\t<div class=\"elementor-widget-container\">\n\t\t\t\t\t<h2 class=\"elementor-heading-title elementor-size-default\">Historia<\/h2>\t\t\t\t<\/div>\n\t\t\t\t<\/div>\n\t\t\t\t<div class=\"elementor-element elementor-element-13a1a5e elementor-widget elementor-widget-text-editor\" data-id=\"13a1a5e\" data-element_type=\"widget\" data-e-type=\"widget\" data-widget_type=\"text-editor.default\">\n\t\t\t\t<div class=\"elementor-widget-container\">\n\t\t\t\t\t\t\t\t\tLau Jau Studio es un estudio de danza localizado en la zona poniente de la Ciudad de M\u00e9xico. Creado en 1999 por Laura J\u00e1uregui (M\u00e9xico, 1982) quien movida por el amor a la danza se sumergi\u00f3 desde los 17 a\u00f1os en la creaci\u00f3n de coreograf\u00edas.\n<br><br>\nEn el 2006, Laura, explotando su creatividad y profesionalismo, funda Lau Jau Studio como un espacio de baile enfocado a alumnos de 3 a 18 a\u00f1os en el que se forman grupos para la creaci\u00f3n de coreograf\u00edas tipo Show Dance \/ Jazz Drill, entre otras.\n<br><br>\nPosteriormente en el 2008, se implement\u00f3 un programa de Jazz and Improv con la finalidad de aumentar el nivel de danza en el studio junto.\n<br><br>\nEn el 2015 se crean dos grandes proyectos que revolucionan la manera de transmitir la danza en los alumnos. Permitiendo exponer a prestigiosos bailarines internacionales tales como Brice Mousset (2015), seguido por Tyce Diorio (2015), Alex Wong (2016), Derek Mitchell (2016 y 2018), Sheryl Murakami (2016), Jon Rua (2017), Tara-Jean Popowich (2017), Anthony \u201cKanec\u201d Car (2018), Jaimie Goodwin (2018) y Carlos Neto (2018), Ashle\u00e9 Dawson (2019) y Nico Oconnor (2019) en \u201cMaster Clases\u201d privadas para alumnos del estudio. As\u00ed mismo, fue el primer estudio mexicano en colaborar con la reconocida academia de baile Broadway Dance Center, haciendo anualmente un Workshop intensivo en la ciudad de Nueva York, logrando llevar aproximadamente a 25 alumnas anualmente.\n<br><br>\nEn el 2017, Laura J\u00e1uregui, junto con Tara-Jean Popowich, crean un Workshop conjunto en el que Lau Jau Studio y Human First Dancer Second trabajan juntos para darle la oportunidad a las alumnas de Lau Jau Studio de asistir a la escuela de baile de Vancouver, Harbour Dance Center, a tomar no s\u00f3lo clases de baile, sino talleres de trabajo personal y t\u00e9cnicas de bienestar enfocadas en la danza.\n<br><br>\nActualmente el estudio ofrece distintas disciplinas de baile tales como Music Theater, Contempor\u00e1neo, Showdance, Jazz and Improv., Hip Hop y Tap. Cuenta con un grupo de alto rendimiento para alumnas que deciden dedicarse de modo semi-profesional al mundo de la danza, \u201cGrupo de T\u00e9cnica\u201d, el cual est\u00e1 conformado por las mejores alumnas del estudio, que adem\u00e1s de destacarse por su danza, se reconocen por sus valores, integridad, disciplina y constancia. Lau Jau Studio ha creado m\u00e1s de 150 coreograf\u00edas a lo largo de su trayectoria, presentadas en prestigiosos foros mexicanos. Y continua preparando a su equipo para mantenerse en los niveles m\u00e1s altos de calidad para las alumnas que conf\u00edan en ella para crecer en esta disciplina.\t\t\t\t\t\t\t\t<\/div>\n\t\t\t\t<\/div>\n\t\t\t\t\t<\/div>\n\t\t<\/div>\n\t\t\t\t\t<\/div>\n\t\t<\/section>\n\t\t\t\t<section class=\"elementor-section elementor-inner-section elementor-element elementor-element-9cb2bf7 elementor-section-boxed elementor-section-height-default elementor-section-height-default\" data-id=\"9cb2bf7\" data-element_type=\"section\" data-e-type=\"section\">\n\t\t\t\t\t\t<div class=\"elementor-container elementor-column-gap-default\">\n\t\t\t\t\t<div class=\"elementor-column elementor-col-100 elementor-inner-column elementor-element elementor-element-9407d63\" data-id=\"9407d63\" data-element_type=\"column\" data-e-type=\"column\">\n\t\t\t<div class=\"elementor-widget-wrap elementor-element-populated\">\n\t\t\t\t\t\t<div class=\"elementor-element elementor-element-e5806dd elementor-widget elementor-widget-heading\" data-id=\"e5806dd\" data-element_type=\"widget\" data-e-type=\"widget\" data-widget_type=\"heading.default\">\n\t\t\t\t<div class=\"elementor-widget-container\">\n\t\t\t\t\t<h2 class=\"elementor-heading-title elementor-size-default\">Enlaces que podr\u00edan interesarte<\/h2>\t\t\t\t<\/div>\n\t\t\t\t<\/div>\n\t\t\t\t<div class=\"elementor-element elementor-element-49da927 elementor-widget elementor-widget-text-editor\" data-id=\"49da927\" data-element_type=\"widget\" data-e-type=\"widget\" data-widget_type=\"text-editor.default\">\n\t\t\t\t<div class=\"elementor-widget-container\">\n\t\t\t\t\t\t\t\t\t<ul><li><a class=\"link_somos\" href=\"http:\/\/laujaustudio.com\/es\/\">Laura J\u00e1uregui<\/a><\/li><li><a class=\"link_somos\" href=\"https:\/\/www.facebook.com\/brice.mousset\/\">Brice Mousset<\/a><\/li><li><a class=\"link_somos\" href=\"https:\/\/www.tycediorioonline.com\/\">Tyce Diorio<\/a><\/li><li><a class=\"link_somos\" href=\"http:\/\/www.thealexwong.com\/bio\/\">Alex Wong<\/a><\/li><li><a class=\"link_somos\" href=\"http:\/\/www.derekmitchellsite.com\/\">Derek Mitchell<\/a><\/li><li><a class=\"link_somos\" href=\"http:\/\/www.sherylmurakami.com\/bio.html\">Sheryl Murakami<\/a><\/li><li><a class=\"link_somos\" href=\"https:\/\/www.jonrua.com\/\">Jon Rua<\/a><\/li><li><a class=\"link_somos\" href=\"https:\/\/tara-jean.com\/bio\">Tara-Jean Popowich<\/a><\/li><li><a class=\"link_somos\" href=\"https:\/\/www.facebook.com\/AmountboyKanec\/\">Anthony \u201cKanec\u201d Car<\/a><\/li><li><a class=\"link_somos\" href=\"http:\/\/www.jaimielmgoodwin.com\/\">Jaimie Goodwin<\/a><\/li><li><a class=\"link_somos\" href=\"http:\/\/carlosnetodance.com\/\">Carlos Neto<\/a><\/li><li><a class=\"link_somos\" href=\"https:\/\/www.broadwaydancecenter.com\/\">Broadway Dance Center<\/a><\/li><li><a class=\"link_somos\" href=\"https:\/\/human1dancer2.com\/\">Human First Dancer Second<\/a><\/li><li><a class=\"link_somos\" href=\"https:\/\/harbourdance.com\/\">Harbour Dance Center<\/a><\/li><\/ul>\t\t\t\t\t\t\t\t<\/div>\n\t\t\t\t<\/div>\n\t\t\t\t\t<\/div>\n\t\t<\/div>\n\t\t\t\t\t<\/div>\n\t\t<\/section>\n\t\t\t\t\t<\/div>\n\t\t<\/div>\n\t\t\t\t\t<\/div>\n\t\t<\/section>\n\t\t\t\t<\/div>","protected":false},"excerpt":{"rendered":"<p>Historia Lau Jau Studio es un estudio de danza localizado en la zona poniente de la Ciudad de M\u00e9xico. Creado en 1999 por Laura J\u00e1uregui (M\u00e9xico, 1982) quien movida por el amor a la danza se sumergi\u00f3 desde los 17 a\u00f1os en la creaci\u00f3n de coreograf\u00edas. En el 2006, Laura, explotando su creatividad y profesionalismo, [&hellip;]<\/p>\n","protected":false},"author":4,"featured_media":0,"parent":0,"menu_order":0,"comment_status":"closed","ping_status":"closed","template":"elementor_header_footer","meta":{"footnotes":""},"class_list":["post-1094","page","type-page","status-publish","hentry"],"_links":{"self":[{"href":"https:\/\/laujaustudio.com\/es\/wp-json\/wp\/v2\/pages\/1094","targetHints":{"allow":["GET"]}}],"collection":[{"href":"https:\/\/laujaustudio.com\/es\/wp-json\/wp\/v2\/pages"}],"about":[{"href":"https:\/\/laujaustudio.com\/es\/wp-json\/wp\/v2\/types\/page"}],"author":[{"embeddable":true,"href":"https:\/\/laujaustudio.com\/es\/wp-json\/wp\/v2\/users\/4"}],"replies":[{"embeddable":true,"href":"https:\/\/laujaustudio.com\/es\/wp-json\/wp\/v2\/comments?post=1094"}],"version-history":[{"count":25,"href":"https:\/\/laujaustudio.com\/es\/wp-json\/wp\/v2\/pages\/1094\/revisions"}],"predecessor-version":[{"id":3803,"href":"https:\/\/laujaustudio.com\/es\/wp-json\/wp\/v2\/pages\/1094\/revisions\/3803"}],"wp:attachment":[{"href":"https:\/\/laujaustudio.com\/es\/wp-json\/wp\/v2\/media?parent=1094"}],"curies":[{"name":"wp","href":"https:\/\/api.w.org\/{rel}","templated":true}]}}