{"id":6003,"date":"2024-09-17T10:55:54","date_gmt":"2024-09-17T16:55:54","guid":{"rendered":"https:\/\/laujaustudio.com\/?post_type=product&#038;p=6003"},"modified":"2025-07-09T20:55:51","modified_gmt":"2025-07-10T02:55:51","slug":"libro-infantil-mia","status":"publish","type":"product","link":"https:\/\/laujaustudio.com\/es\/producto\/libro-infantil-mia\/","title":{"rendered":"Libro infantil MIA"},"content":{"rendered":"<p>Mia es un cuento para ni\u00f1as de 8 a 12 a\u00f1os escrito Laura J\u00e1uregui Pino e ilustrado por Natasha Jos\u00e9 a trav\u00e9s de la editorial Needo Books.<\/p>","protected":false},"excerpt":{"rendered":"<p>Mia es un cuento para ni\u00f1as de 8 a 12 a\u00f1os.<br \/>\nMia es un viaje a explorar cada reto, a atravesar cada espejo y a irnos descubriendo en el camino.<\/p>","protected":false},"featured_media":6115,"comment_status":"open","ping_status":"closed","template":"","meta":[],"product_brand":[],"product_cat":[97],"product_tag":[],"class_list":{"0":"post-6003","1":"product","2":"type-product","3":"status-publish","4":"has-post-thumbnail","6":"product_cat-libro","8":"first","9":"instock","10":"sold-individually","11":"taxable","12":"shipping-taxable","13":"purchasable","14":"product-type-simple"},"_links":{"self":[{"href":"https:\/\/laujaustudio.com\/es\/wp-json\/wp\/v2\/product\/6003","targetHints":{"allow":["GET"]}}],"collection":[{"href":"https:\/\/laujaustudio.com\/es\/wp-json\/wp\/v2\/product"}],"about":[{"href":"https:\/\/laujaustudio.com\/es\/wp-json\/wp\/v2\/types\/product"}],"replies":[{"embeddable":true,"href":"https:\/\/laujaustudio.com\/es\/wp-json\/wp\/v2\/comments?post=6003"}],"wp:featuredmedia":[{"embeddable":true,"href":"https:\/\/laujaustudio.com\/es\/wp-json\/wp\/v2\/media\/6115"}],"wp:attachment":[{"href":"https:\/\/laujaustudio.com\/es\/wp-json\/wp\/v2\/media?parent=6003"}],"wp:term":[{"taxonomy":"product_brand","embeddable":true,"href":"https:\/\/laujaustudio.com\/es\/wp-json\/wp\/v2\/product_brand?post=6003"},{"taxonomy":"product_cat","embeddable":true,"href":"https:\/\/laujaustudio.com\/es\/wp-json\/wp\/v2\/product_cat?post=6003"},{"taxonomy":"product_tag","embeddable":true,"href":"https:\/\/laujaustudio.com\/es\/wp-json\/wp\/v2\/product_tag?post=6003"}],"curies":[{"name":"wp","href":"https:\/\/api.w.org\/{rel}","templated":true}]}}